{"id":104,"date":"2025-04-29T15:33:56","date_gmt":"2025-04-29T15:33:56","guid":{"rendered":"https:\/\/viajes5oceanos.bytefysolutions.es\/?page_id=104"},"modified":"2025-05-13T16:29:05","modified_gmt":"2025-05-13T16:29:05","slug":"servicios","status":"publish","type":"page","link":"https:\/\/viajes5oceanos.bytefysolutions.es\/index.php\/servicios\/","title":{"rendered":"Servicios"},"content":{"rendered":"\t\t<div data-elementor-type=\"wp-page\" data-elementor-id=\"104\" class=\"elementor elementor-104\" data-elementor-post-type=\"page\">\n\t\t\t\t<div class=\"elementor-element elementor-element-6a4eef3 e-flex e-con-boxed e-con e-parent\" data-id=\"6a4eef3\" data-element_type=\"container\" data-settings=\"{&quot;background_background&quot;:&quot;classic&quot;}\">\n\t\t\t\t\t<div class=\"e-con-inner\">\n\t\t\t\t<div class=\"elementor-element elementor-element-e99a041 elementor-widget elementor-widget-heading\" data-id=\"e99a041\" data-element_type=\"widget\" data-widget_type=\"heading.default\">\n\t\t\t\t<div class=\"elementor-widget-container\">\n\t\t\t\t\t<h2 class=\"elementor-heading-title elementor-size-default\">Servicios<\/h2>\t\t\t\t<\/div>\n\t\t\t\t<\/div>\n\t\t\t\t\t<\/div>\n\t\t\t\t<\/div>\n\t\t<div class=\"elementor-element elementor-element-cfc4b70 e-flex e-con-boxed e-con e-parent\" data-id=\"cfc4b70\" data-element_type=\"container\" data-settings=\"{&quot;background_background&quot;:&quot;classic&quot;}\">\n\t\t\t\t\t<div class=\"e-con-inner\">\n\t\t\t\t<div class=\"elementor-element elementor-element-a897e6d elementor-widget elementor-widget-image\" data-id=\"a897e6d\" data-element_type=\"widget\" data-widget_type=\"image.default\">\n\t\t\t\t<div class=\"elementor-widget-container\">\n\t\t\t\t\t\t\t\t\t\t\t\t\t\t\t<img fetchpriority=\"high\" decoding=\"async\" width=\"2560\" height=\"540\" src=\"https:\/\/viajes5oceanos.bytefysolutions.es\/wp-content\/uploads\/2025\/05\/servicios-page-scaled.png\" class=\"attachment-full size-full wp-image-294\" alt=\"\" srcset=\"https:\/\/viajes5oceanos.bytefysolutions.es\/wp-content\/uploads\/2025\/05\/servicios-page-scaled.png 2560w, https:\/\/viajes5oceanos.bytefysolutions.es\/wp-content\/uploads\/2025\/05\/servicios-page-300x63.png 300w, https:\/\/viajes5oceanos.bytefysolutions.es\/wp-content\/uploads\/2025\/05\/servicios-page-1024x216.png 1024w, https:\/\/viajes5oceanos.bytefysolutions.es\/wp-content\/uploads\/2025\/05\/servicios-page-768x162.png 768w, https:\/\/viajes5oceanos.bytefysolutions.es\/wp-content\/uploads\/2025\/05\/servicios-page-1536x324.png 1536w, https:\/\/viajes5oceanos.bytefysolutions.es\/wp-content\/uploads\/2025\/05\/servicios-page-2048x432.png 2048w\" sizes=\"(max-width: 2560px) 100vw, 2560px\" \/>\t\t\t\t\t\t\t\t\t\t\t\t\t\t\t<\/div>\n\t\t\t\t<\/div>\n\t\t\t\t\t<\/div>\n\t\t\t\t<\/div>\n\t\t<div class=\"elementor-element elementor-element-e644715 e-flex e-con-boxed e-con e-parent\" data-id=\"e644715\" data-element_type=\"container\">\n\t\t\t\t\t<div class=\"e-con-inner\">\n\t\t<div class=\"elementor-element elementor-element-dcacd4e e-con-full e-flex e-con e-child\" data-id=\"dcacd4e\" data-element_type=\"container\">\n\t\t\t\t<div class=\"elementor-element elementor-element-be6a195 elementor-widget elementor-widget-text-editor\" data-id=\"be6a195\" data-element_type=\"widget\" data-widget_type=\"text-editor.default\">\n\t\t\t\t<div class=\"elementor-widget-container\">\n\t\t\t\t\t\t\t\t\t<p>Sabemos lo importante que es que los viajes de trabajo salgan bien. Por eso, te ofrecemos atenci\u00f3n cercana y personalizada, con un equipo con experiencia real gestionando viajes corporativos.<\/p><p>Contamos con todo lo necesario: vuelos, trenes, hoteles, alquiler de coches, cruceros&#8230; para que tu viaje sea \u00e1gil, seguro y sin complicaciones.<\/p><p>Te ayudamos a optimizar tiempo, recursos y presupuesto, para que t\u00fa solo te enfoques en alcanzar tus objetivos.<\/p>\t\t\t\t\t\t\t\t<\/div>\n\t\t\t\t<\/div>\n\t\t\t\t<\/div>\n\t\t<div class=\"elementor-element elementor-element-a203a52 e-con-full e-flex e-con e-child\" data-id=\"a203a52\" data-element_type=\"container\">\n\t\t\t\t<div class=\"elementor-element elementor-element-685b088 elementor-widget elementor-widget-text-editor\" data-id=\"685b088\" data-element_type=\"widget\" data-widget_type=\"text-editor.default\">\n\t\t\t\t<div class=\"elementor-widget-container\">\n\t\t\t\t\t\t\t\t\t<p>T\u00fa haces la maleta, nosotros nos encargamos del resto.<\/p><p>Organizamos tu viaje desde el primer paso hasta tu regreso: vuelos, hoteles, traslados, alquiler de coche, circuitos y mucho m\u00e1s. Dise\u00f1amos rutas pensadas para que vivas el destino sin preocuparte de nada.<\/p><p>Y siempre con las mejores condiciones, ofertas y facilidades de pago. \u00bfTe vienes?<\/p>\t\t\t\t\t\t\t\t<\/div>\n\t\t\t\t<\/div>\n\t\t\t\t<\/div>\n\t\t<div class=\"elementor-element elementor-element-522aa4d e-con-full e-flex e-con e-child\" data-id=\"522aa4d\" data-element_type=\"container\">\n\t\t\t\t<div class=\"elementor-element elementor-element-5c59a83 elementor-widget elementor-widget-text-editor\" data-id=\"5c59a83\" data-element_type=\"widget\" data-widget_type=\"text-editor.default\">\n\t\t\t\t<div class=\"elementor-widget-container\">\n\t\t\t\t\t\t\t\t\t<p>Despi\u00e9rtate cada d\u00eda en un lugar distinto, con el mar como compa\u00f1ero de viaje. En 5 Oc\u00e9anos te ayudamos a elegir el crucero perfecto para ti: con las rutas m\u00e1s espectaculares, todas las comodidades a bordo y la tranquilidad de saber que todo est\u00e1 organizado.<\/p><p>T\u00fa solo piensa en relajarte, disfrutar y dejarte sorprender. \u00bfZarpamos?\u00a0<\/p>\t\t\t\t\t\t\t\t<\/div>\n\t\t\t\t<\/div>\n\t\t\t\t<\/div>\n\t\t\t\t\t<\/div>\n\t\t\t\t<\/div>\n\t\t\t\t<\/div>\n\t\t","protected":false},"excerpt":{"rendered":"<p>Servicios Sabemos lo importante que es que los viajes de trabajo salgan bien. Por eso, te ofrecemos atenci\u00f3n cercana y personalizada, con un equipo con experiencia real gestionando viajes corporativos. Contamos con todo lo necesario: vuelos, trenes, hoteles, alquiler de coches, cruceros&#8230; para que tu viaje sea \u00e1gil, seguro y sin complicaciones. Te ayudamos a [&hellip;]<\/p>\n","protected":false},"author":1,"featured_media":0,"parent":0,"menu_order":0,"comment_status":"closed","ping_status":"closed","template":"","meta":{"footnotes":""},"class_list":["post-104","page","type-page","status-publish","hentry"],"_links":{"self":[{"href":"https:\/\/viajes5oceanos.bytefysolutions.es\/index.php\/wp-json\/wp\/v2\/pages\/104","targetHints":{"allow":["GET"]}}],"collection":[{"href":"https:\/\/viajes5oceanos.bytefysolutions.es\/index.php\/wp-json\/wp\/v2\/pages"}],"about":[{"href":"https:\/\/viajes5oceanos.bytefysolutions.es\/index.php\/wp-json\/wp\/v2\/types\/page"}],"author":[{"embeddable":true,"href":"https:\/\/viajes5oceanos.bytefysolutions.es\/index.php\/wp-json\/wp\/v2\/users\/1"}],"replies":[{"embeddable":true,"href":"https:\/\/viajes5oceanos.bytefysolutions.es\/index.php\/wp-json\/wp\/v2\/comments?post=104"}],"version-history":[{"count":19,"href":"https:\/\/viajes5oceanos.bytefysolutions.es\/index.php\/wp-json\/wp\/v2\/pages\/104\/revisions"}],"predecessor-version":[{"id":369,"href":"https:\/\/viajes5oceanos.bytefysolutions.es\/index.php\/wp-json\/wp\/v2\/pages\/104\/revisions\/369"}],"wp:attachment":[{"href":"https:\/\/viajes5oceanos.bytefysolutions.es\/index.php\/wp-json\/wp\/v2\/media?parent=104"}],"curies":[{"name":"wp","href":"https:\/\/api.w.org\/{rel}","templated":true}]}}