{"id":80,"date":"2025-04-29T15:07:23","date_gmt":"2025-04-29T15:07:23","guid":{"rendered":"https:\/\/viajes5oceanos.bytefysolutions.es\/?page_id=80"},"modified":"2025-05-16T13:37:22","modified_gmt":"2025-05-16T13:37:22","slug":"nosotros","status":"publish","type":"page","link":"https:\/\/viajes5oceanos.bytefysolutions.es\/index.php\/nosotros\/","title":{"rendered":"Nosotros"},"content":{"rendered":"\t\t<div data-elementor-type=\"wp-page\" data-elementor-id=\"80\" class=\"elementor elementor-80\" data-elementor-post-type=\"page\">\n\t\t\t\t<div class=\"elementor-element elementor-element-6f2db5e e-flex e-con-boxed e-con e-parent\" data-id=\"6f2db5e\" data-element_type=\"container\" data-settings=\"{&quot;background_background&quot;:&quot;classic&quot;}\">\n\t\t\t\t\t<div class=\"e-con-inner\">\n\t\t\t\t<div class=\"elementor-element elementor-element-5dd5820 elementor-widget elementor-widget-heading\" data-id=\"5dd5820\" data-element_type=\"widget\" data-widget_type=\"heading.default\">\n\t\t\t\t<div class=\"elementor-widget-container\">\n\t\t\t\t\t<h2 class=\"elementor-heading-title elementor-size-default\">\u00a1Bienvenid@s!<\/h2>\t\t\t\t<\/div>\n\t\t\t\t<\/div>\n\t\t\t\t\t<\/div>\n\t\t\t\t<\/div>\n\t\t<div class=\"elementor-element elementor-element-1589931 e-flex e-con-boxed e-con e-parent\" data-id=\"1589931\" data-element_type=\"container\" data-settings=\"{&quot;background_background&quot;:&quot;classic&quot;}\">\n\t\t\t\t\t<div class=\"e-con-inner\">\n\t\t\t\t<div class=\"elementor-element elementor-element-404aa7d elementor-widget elementor-widget-text-editor\" data-id=\"404aa7d\" data-element_type=\"widget\" data-widget_type=\"text-editor.default\">\n\t\t\t\t<div class=\"elementor-widget-container\">\n\t\t\t\t\t\t\t\t\t<p class=\"p1\">En 5 Oc\u00e9anos nos encanta ayudarte a planear tu viaje, sea cual sea el motivo. Llevamos a\u00f1os acompa\u00f1ando a empresas, grupos e individuos en sus aventuras por el mundo.<\/p><p class=\"p1\">Nuestro equipo est\u00e1 aqu\u00ed para ti de lunes a viernes, de 9:00 a 17:00 h, listo para hacer realidad ese viaje que tienes en mente. Y si est\u00e1s pensando en cruceros&#8230; s\u00ed, \u00a1tambi\u00e9n son nuestra especialidad!<\/p>\t\t\t\t\t\t\t\t<\/div>\n\t\t\t\t<\/div>\n\t\t\t\t\t<\/div>\n\t\t\t\t<\/div>\n\t\t<div class=\"elementor-element elementor-element-6f95d30 e-flex e-con-boxed e-con e-parent\" data-id=\"6f95d30\" data-element_type=\"container\" data-settings=\"{&quot;background_background&quot;:&quot;classic&quot;}\">\n\t\t\t\t\t<div class=\"e-con-inner\">\n\t\t\t\t<div class=\"elementor-element elementor-element-f59b297 elementor-widget elementor-widget-heading\" data-id=\"f59b297\" data-element_type=\"widget\" data-widget_type=\"heading.default\">\n\t\t\t\t<div class=\"elementor-widget-container\">\n\t\t\t\t\t<h2 class=\"elementor-heading-title elementor-size-default\">Comprometidos con el cliente.<\/h2>\t\t\t\t<\/div>\n\t\t\t\t<\/div>\n\t\t\t\t<div class=\"elementor-element elementor-element-a2f15f0 elementor-widget elementor-widget-text-editor\" data-id=\"a2f15f0\" data-element_type=\"widget\" data-widget_type=\"text-editor.default\">\n\t\t\t\t<div class=\"elementor-widget-container\">\n\t\t\t\t\t\t\t\t\t<p>Nos mueve el compromiso de ofrecerte viajes con calidad, seguridad y sobre todo, tranquilidad. Te asesoramos como si organiz\u00e1ramos nuestro propio viaje: con mimo, cuidando cada detalle y siempre buscando la mejor relaci\u00f3n calidad-precio.<\/p><p>Formamos parte de una gran red de agencias que nos permite darte acceso a ofertas especiales y herramientas avanzadas para organizarlo todo con eficacia.<\/p><p>\u00bfHablamos? Estaremos encantados de ayudarte y demostrarte por qu\u00e9 tantos clientes siguen confiando en nosotros a\u00f1o tras a\u00f1o.\u00a0<\/p>\t\t\t\t\t\t\t\t<\/div>\n\t\t\t\t<\/div>\n\t\t\t\t\t<\/div>\n\t\t\t\t<\/div>\n\t\t\t\t<\/div>\n\t\t","protected":false},"excerpt":{"rendered":"<p>\u00a1Bienvenid@s! En 5 Oc\u00e9anos nos encanta ayudarte a planear tu viaje, sea cual sea el motivo. Llevamos a\u00f1os acompa\u00f1ando a empresas, grupos e individuos en sus aventuras por el mundo. Nuestro equipo est\u00e1 aqu\u00ed para ti de lunes a viernes, de 9:00 a 17:00 h, listo para hacer realidad ese viaje que tienes en mente. [&hellip;]<\/p>\n","protected":false},"author":1,"featured_media":0,"parent":0,"menu_order":0,"comment_status":"closed","ping_status":"closed","template":"","meta":{"footnotes":""},"class_list":["post-80","page","type-page","status-publish","hentry"],"_links":{"self":[{"href":"https:\/\/viajes5oceanos.bytefysolutions.es\/index.php\/wp-json\/wp\/v2\/pages\/80","targetHints":{"allow":["GET"]}}],"collection":[{"href":"https:\/\/viajes5oceanos.bytefysolutions.es\/index.php\/wp-json\/wp\/v2\/pages"}],"about":[{"href":"https:\/\/viajes5oceanos.bytefysolutions.es\/index.php\/wp-json\/wp\/v2\/types\/page"}],"author":[{"embeddable":true,"href":"https:\/\/viajes5oceanos.bytefysolutions.es\/index.php\/wp-json\/wp\/v2\/users\/1"}],"replies":[{"embeddable":true,"href":"https:\/\/viajes5oceanos.bytefysolutions.es\/index.php\/wp-json\/wp\/v2\/comments?post=80"}],"version-history":[{"count":52,"href":"https:\/\/viajes5oceanos.bytefysolutions.es\/index.php\/wp-json\/wp\/v2\/pages\/80\/revisions"}],"predecessor-version":[{"id":376,"href":"https:\/\/viajes5oceanos.bytefysolutions.es\/index.php\/wp-json\/wp\/v2\/pages\/80\/revisions\/376"}],"wp:attachment":[{"href":"https:\/\/viajes5oceanos.bytefysolutions.es\/index.php\/wp-json\/wp\/v2\/media?parent=80"}],"curies":[{"name":"wp","href":"https:\/\/api.w.org\/{rel}","templated":true}]}}